{"id":6823,"date":"2023-06-20T10:00:27","date_gmt":"2023-06-20T07:00:27","guid":{"rendered":"https:\/\/www.sholeionpsaltikis.gr\/?page_id=6823"},"modified":"2023-07-04T11:42:08","modified_gmt":"2023-07-04T08:42:08","slug":"poulios-ioannis","status":"publish","type":"page","link":"https:\/\/www.sholeionpsaltikis.gr\/en\/tradintional-music\/teachers\/poulios-ioannis\/","title":{"rendered":"Poulios Ioannis"},"content":{"rendered":"\n<p>Ioannis Poulios was born in 1994 in Germany. He is a graduate of the Department of Folk and Traditional Music of the TEI of Epirus with a specialization in the violin and holds a Degree in Byzantine Music. He has also studied at Yildiz Technical University of Istanbul. His teachers were Giorgos Psaltis, Makis Baklatzis, \u00d6zer \u00d6zel as well as Nedim Nalbanto\u011flu.<\/p>\n\n\n\n<p>He has taken part in festivals and concerts and actively participates in discography having collaborated with a multitude of important musicians, singers and bands \u2013 Haig Yazdjan, Antonis Apergi, Tasso Poulio, Fotis Siotou, Nikos Paraoulakis, Mattheos and Costas Tsachouridis, Alcinoos Ioannidis, Apostolos Rizo, Nadia Karagianni, Areti Ketime, Vitraux Project, Lappino project, Apostolos Sideris Quintet and the Heliodromio shape.<\/p>\n\n\n\n<p>He started teaching violin in 2018 in Katerini and Thessaloniki, while since 2020 his collaboration with the &#8220;Chanting School&#8221; has begun.<\/p>\n\n\n\n<p>To see video click <a href=\"http:\/\/www.youtube.com\/watch?v=yUX5q287Yqc\" target=\"_blank\" rel=\"noreferrer noopener\">here<\/a>.<\/p>\n","protected":false},"excerpt":{"rendered":"<p>Ioannis Poulios was born in 1994 in Germany. He is a graduate of the Department of Folk and Traditional Music of the TEI of Epirus with a specialization in the violin and holds a Degree in Byzantine Music. He has also studied at Yildiz Technical University of Istanbul. His teachers were Giorgos Psaltis, Makis Baklatzis, [&hellip;]<\/p>\n","protected":false},"author":1,"featured_media":5633,"parent":6806,"menu_order":10,"comment_status":"closed","ping_status":"closed","template":"","meta":{"footnotes":""},"class_list":["post-6823","page","type-page","status-publish","has-post-thumbnail","hentry"],"yoast_head":"<!-- This site is optimized with the Yoast SEO plugin v24.0 - https:\/\/yoast.com\/wordpress\/plugins\/seo\/ -->\n<title>Poulios Ioannis | Scholeion Psaltikis<\/title>\n<meta name=\"robots\" content=\"index, follow, max-snippet:-1, max-image-preview:large, max-video-preview:-1\" \/>\n<link rel=\"canonical\" href=\"https:\/\/www.sholeionpsaltikis.gr\/en\/tradintional-music\/teachers\/poulios-ioannis\/\" \/>\n<meta property=\"og:locale\" content=\"en_US\" \/>\n<meta property=\"og:type\" content=\"article\" \/>\n<meta property=\"og:title\" content=\"Poulios Ioannis | Scholeion Psaltikis\" \/>\n<meta property=\"og:description\" content=\"Ioannis Poulios was born in 1994 in Germany. He is a graduate of the Department of Folk and Traditional Music of the TEI of Epirus with a specialization in the violin and holds a Degree in Byzantine Music. He has also studied at Yildiz Technical University of Istanbul. His teachers were Giorgos Psaltis, Makis Baklatzis, [&hellip;]\" \/>\n<meta property=\"og:url\" content=\"https:\/\/www.sholeionpsaltikis.gr\/en\/tradintional-music\/teachers\/poulios-ioannis\/\" \/>\n<meta property=\"og:site_name\" content=\"Scholeion Psaltikis\" \/>\n<meta property=\"article:publisher\" content=\"https:\/\/www.facebook.com\/sholeionpsaltikis\" \/>\n<meta property=\"article:modified_time\" content=\"2023-07-04T08:42:08+00:00\" \/>\n<meta property=\"og:image\" content=\"https:\/\/www.sholeionpsaltikis.gr\/wp-content\/uploads\/2022\/05\/DSC01014.jpg\" \/>\n\t<meta property=\"og:image:width\" content=\"800\" \/>\n\t<meta property=\"og:image:height\" content=\"600\" \/>\n\t<meta property=\"og:image:type\" content=\"image\/jpeg\" \/>\n<meta name=\"twitter:card\" content=\"summary_large_image\" \/>\n<meta name=\"twitter:label1\" content=\"Est. reading time\" \/>\n\t<meta name=\"twitter:data1\" content=\"1 minute\" \/>\n<script type=\"application\/ld+json\" class=\"yoast-schema-graph\">{\"@context\":\"https:\/\/schema.org\",\"@graph\":[{\"@type\":\"WebPage\",\"@id\":\"https:\/\/www.sholeionpsaltikis.gr\/en\/tradintional-music\/teachers\/poulios-ioannis\/\",\"url\":\"https:\/\/www.sholeionpsaltikis.gr\/en\/tradintional-music\/teachers\/poulios-ioannis\/\",\"name\":\"Poulios Ioannis | Scholeion Psaltikis\",\"isPartOf\":{\"@id\":\"https:\/\/www.sholeionpsaltikis.gr\/en\/#website\"},\"primaryImageOfPage\":{\"@id\":\"https:\/\/www.sholeionpsaltikis.gr\/en\/tradintional-music\/teachers\/poulios-ioannis\/#primaryimage\"},\"image\":{\"@id\":\"https:\/\/www.sholeionpsaltikis.gr\/en\/tradintional-music\/teachers\/poulios-ioannis\/#primaryimage\"},\"thumbnailUrl\":\"https:\/\/www.sholeionpsaltikis.gr\/wp-content\/uploads\/2022\/05\/DSC01014.jpg\",\"datePublished\":\"2023-06-20T07:00:27+00:00\",\"dateModified\":\"2023-07-04T08:42:08+00:00\",\"breadcrumb\":{\"@id\":\"https:\/\/www.sholeionpsaltikis.gr\/en\/tradintional-music\/teachers\/poulios-ioannis\/#breadcrumb\"},\"inLanguage\":\"en-US\",\"potentialAction\":[{\"@type\":\"ReadAction\",\"target\":[\"https:\/\/www.sholeionpsaltikis.gr\/en\/tradintional-music\/teachers\/poulios-ioannis\/\"]}]},{\"@type\":\"ImageObject\",\"inLanguage\":\"en-US\",\"@id\":\"https:\/\/www.sholeionpsaltikis.gr\/en\/tradintional-music\/teachers\/poulios-ioannis\/#primaryimage\",\"url\":\"https:\/\/www.sholeionpsaltikis.gr\/wp-content\/uploads\/2022\/05\/DSC01014.jpg\",\"contentUrl\":\"https:\/\/www.sholeionpsaltikis.gr\/wp-content\/uploads\/2022\/05\/DSC01014.jpg\",\"width\":800,\"height\":600},{\"@type\":\"BreadcrumbList\",\"@id\":\"https:\/\/www.sholeionpsaltikis.gr\/en\/tradintional-music\/teachers\/poulios-ioannis\/#breadcrumb\",\"itemListElement\":[{\"@type\":\"ListItem\",\"position\":1,\"name\":\"Home\",\"item\":\"https:\/\/www.sholeionpsaltikis.gr\/en\/\"},{\"@type\":\"ListItem\",\"position\":2,\"name\":\"Traditional music\",\"item\":\"https:\/\/www.sholeionpsaltikis.gr\/en\/tradintional-music\/\"},{\"@type\":\"ListItem\",\"position\":3,\"name\":\"Teachers\",\"item\":\"https:\/\/www.sholeionpsaltikis.gr\/en\/tradintional-music\/teachers\/\"},{\"@type\":\"ListItem\",\"position\":4,\"name\":\"Poulios Ioannis\"}]},{\"@type\":\"WebSite\",\"@id\":\"https:\/\/www.sholeionpsaltikis.gr\/en\/#website\",\"url\":\"https:\/\/www.sholeionpsaltikis.gr\/en\/\",\"name\":\"Scholeion Psaltikis\",\"description\":\"\u039c\u03b1\u03b8\u03ae\u03bc\u03b1\u03c4\u03b1 \u0395\u03ba\u03ba\u03bb\u03b7\u03c3\u03b9\u03b1\u03c3\u03c4\u03b9\u03ba\u03ae\u03c2 \u03ba\u03b1\u03b9 \u03a0\u03b1\u03c1\u03b1\u03b4\u03bf\u03c3\u03b9\u03b1\u03ba\u03ae\u03c2 \u039c\u03bf\u03c5\u03c3\u03b9\u03ba\u03ae\u03c2\",\"publisher\":{\"@id\":\"https:\/\/www.sholeionpsaltikis.gr\/en\/#organization\"},\"potentialAction\":[{\"@type\":\"SearchAction\",\"target\":{\"@type\":\"EntryPoint\",\"urlTemplate\":\"https:\/\/www.sholeionpsaltikis.gr\/en\/?s={search_term_string}\"},\"query-input\":{\"@type\":\"PropertyValueSpecification\",\"valueRequired\":true,\"valueName\":\"search_term_string\"}}],\"inLanguage\":\"en-US\"},{\"@type\":\"Organization\",\"@id\":\"https:\/\/www.sholeionpsaltikis.gr\/en\/#organization\",\"name\":\"\u03a3\u03c7\u03bf\u03bb\u03b5\u03af\u03bf\u03bd \u03a8\u03b1\u03bb\u03c4\u03b9\u03ba\u03ae\u03c2\",\"url\":\"https:\/\/www.sholeionpsaltikis.gr\/en\/\",\"logo\":{\"@type\":\"ImageObject\",\"inLanguage\":\"en-US\",\"@id\":\"https:\/\/www.sholeionpsaltikis.gr\/en\/#\/schema\/logo\/image\/\",\"url\":\"https:\/\/www.sholeionpsaltikis.gr\/wp-content\/uploads\/2021\/10\/sholeion-psaltikis-logo.svg\",\"contentUrl\":\"https:\/\/www.sholeionpsaltikis.gr\/wp-content\/uploads\/2021\/10\/sholeion-psaltikis-logo.svg\",\"width\":7,\"height\":5,\"caption\":\"\u03a3\u03c7\u03bf\u03bb\u03b5\u03af\u03bf\u03bd \u03a8\u03b1\u03bb\u03c4\u03b9\u03ba\u03ae\u03c2\"},\"image\":{\"@id\":\"https:\/\/www.sholeionpsaltikis.gr\/en\/#\/schema\/logo\/image\/\"},\"sameAs\":[\"https:\/\/www.facebook.com\/sholeionpsaltikis\",\"https:\/\/www.youtube.com\/sholeionpsaltikisgr\",\"https:\/\/www.instagram.com\/sholeionpsaltikis\/\",\"https:\/\/t.me\/sholeionpsaltikis_ru\",\"https:\/\/vk.com\/sholeionpsaltikisru\"]}]}<\/script>\n<!-- \/ Yoast SEO plugin. -->","yoast_head_json":{"title":"Poulios Ioannis | Scholeion Psaltikis","robots":{"index":"index","follow":"follow","max-snippet":"max-snippet:-1","max-image-preview":"max-image-preview:large","max-video-preview":"max-video-preview:-1"},"canonical":"https:\/\/www.sholeionpsaltikis.gr\/en\/tradintional-music\/teachers\/poulios-ioannis\/","og_locale":"en_US","og_type":"article","og_title":"Poulios Ioannis | Scholeion Psaltikis","og_description":"Ioannis Poulios was born in 1994 in Germany. He is a graduate of the Department of Folk and Traditional Music of the TEI of Epirus with a specialization in the violin and holds a Degree in Byzantine Music. He has also studied at Yildiz Technical University of Istanbul. His teachers were Giorgos Psaltis, Makis Baklatzis, [&hellip;]","og_url":"https:\/\/www.sholeionpsaltikis.gr\/en\/tradintional-music\/teachers\/poulios-ioannis\/","og_site_name":"Scholeion Psaltikis","article_publisher":"https:\/\/www.facebook.com\/sholeionpsaltikis","article_modified_time":"2023-07-04T08:42:08+00:00","og_image":[{"width":800,"height":600,"url":"https:\/\/www.sholeionpsaltikis.gr\/wp-content\/uploads\/2022\/05\/DSC01014.jpg","type":"image\/jpeg"}],"twitter_card":"summary_large_image","twitter_misc":{"Est. reading time":"1 minute"},"schema":{"@context":"https:\/\/schema.org","@graph":[{"@type":"WebPage","@id":"https:\/\/www.sholeionpsaltikis.gr\/en\/tradintional-music\/teachers\/poulios-ioannis\/","url":"https:\/\/www.sholeionpsaltikis.gr\/en\/tradintional-music\/teachers\/poulios-ioannis\/","name":"Poulios Ioannis | Scholeion Psaltikis","isPartOf":{"@id":"https:\/\/www.sholeionpsaltikis.gr\/en\/#website"},"primaryImageOfPage":{"@id":"https:\/\/www.sholeionpsaltikis.gr\/en\/tradintional-music\/teachers\/poulios-ioannis\/#primaryimage"},"image":{"@id":"https:\/\/www.sholeionpsaltikis.gr\/en\/tradintional-music\/teachers\/poulios-ioannis\/#primaryimage"},"thumbnailUrl":"https:\/\/www.sholeionpsaltikis.gr\/wp-content\/uploads\/2022\/05\/DSC01014.jpg","datePublished":"2023-06-20T07:00:27+00:00","dateModified":"2023-07-04T08:42:08+00:00","breadcrumb":{"@id":"https:\/\/www.sholeionpsaltikis.gr\/en\/tradintional-music\/teachers\/poulios-ioannis\/#breadcrumb"},"inLanguage":"en-US","potentialAction":[{"@type":"ReadAction","target":["https:\/\/www.sholeionpsaltikis.gr\/en\/tradintional-music\/teachers\/poulios-ioannis\/"]}]},{"@type":"ImageObject","inLanguage":"en-US","@id":"https:\/\/www.sholeionpsaltikis.gr\/en\/tradintional-music\/teachers\/poulios-ioannis\/#primaryimage","url":"https:\/\/www.sholeionpsaltikis.gr\/wp-content\/uploads\/2022\/05\/DSC01014.jpg","contentUrl":"https:\/\/www.sholeionpsaltikis.gr\/wp-content\/uploads\/2022\/05\/DSC01014.jpg","width":800,"height":600},{"@type":"BreadcrumbList","@id":"https:\/\/www.sholeionpsaltikis.gr\/en\/tradintional-music\/teachers\/poulios-ioannis\/#breadcrumb","itemListElement":[{"@type":"ListItem","position":1,"name":"Home","item":"https:\/\/www.sholeionpsaltikis.gr\/en\/"},{"@type":"ListItem","position":2,"name":"Traditional music","item":"https:\/\/www.sholeionpsaltikis.gr\/en\/tradintional-music\/"},{"@type":"ListItem","position":3,"name":"Teachers","item":"https:\/\/www.sholeionpsaltikis.gr\/en\/tradintional-music\/teachers\/"},{"@type":"ListItem","position":4,"name":"Poulios Ioannis"}]},{"@type":"WebSite","@id":"https:\/\/www.sholeionpsaltikis.gr\/en\/#website","url":"https:\/\/www.sholeionpsaltikis.gr\/en\/","name":"Scholeion Psaltikis","description":"\u039c\u03b1\u03b8\u03ae\u03bc\u03b1\u03c4\u03b1 \u0395\u03ba\u03ba\u03bb\u03b7\u03c3\u03b9\u03b1\u03c3\u03c4\u03b9\u03ba\u03ae\u03c2 \u03ba\u03b1\u03b9 \u03a0\u03b1\u03c1\u03b1\u03b4\u03bf\u03c3\u03b9\u03b1\u03ba\u03ae\u03c2 \u039c\u03bf\u03c5\u03c3\u03b9\u03ba\u03ae\u03c2","publisher":{"@id":"https:\/\/www.sholeionpsaltikis.gr\/en\/#organization"},"potentialAction":[{"@type":"SearchAction","target":{"@type":"EntryPoint","urlTemplate":"https:\/\/www.sholeionpsaltikis.gr\/en\/?s={search_term_string}"},"query-input":{"@type":"PropertyValueSpecification","valueRequired":true,"valueName":"search_term_string"}}],"inLanguage":"en-US"},{"@type":"Organization","@id":"https:\/\/www.sholeionpsaltikis.gr\/en\/#organization","name":"\u03a3\u03c7\u03bf\u03bb\u03b5\u03af\u03bf\u03bd \u03a8\u03b1\u03bb\u03c4\u03b9\u03ba\u03ae\u03c2","url":"https:\/\/www.sholeionpsaltikis.gr\/en\/","logo":{"@type":"ImageObject","inLanguage":"en-US","@id":"https:\/\/www.sholeionpsaltikis.gr\/en\/#\/schema\/logo\/image\/","url":"https:\/\/www.sholeionpsaltikis.gr\/wp-content\/uploads\/2021\/10\/sholeion-psaltikis-logo.svg","contentUrl":"https:\/\/www.sholeionpsaltikis.gr\/wp-content\/uploads\/2021\/10\/sholeion-psaltikis-logo.svg","width":7,"height":5,"caption":"\u03a3\u03c7\u03bf\u03bb\u03b5\u03af\u03bf\u03bd \u03a8\u03b1\u03bb\u03c4\u03b9\u03ba\u03ae\u03c2"},"image":{"@id":"https:\/\/www.sholeionpsaltikis.gr\/en\/#\/schema\/logo\/image\/"},"sameAs":["https:\/\/www.facebook.com\/sholeionpsaltikis","https:\/\/www.youtube.com\/sholeionpsaltikisgr","https:\/\/www.instagram.com\/sholeionpsaltikis\/","https:\/\/t.me\/sholeionpsaltikis_ru","https:\/\/vk.com\/sholeionpsaltikisru"]}]}},"_links":{"self":[{"href":"https:\/\/www.sholeionpsaltikis.gr\/en\/wp-json\/wp\/v2\/pages\/6823","targetHints":{"allow":["GET"]}}],"collection":[{"href":"https:\/\/www.sholeionpsaltikis.gr\/en\/wp-json\/wp\/v2\/pages"}],"about":[{"href":"https:\/\/www.sholeionpsaltikis.gr\/en\/wp-json\/wp\/v2\/types\/page"}],"author":[{"embeddable":true,"href":"https:\/\/www.sholeionpsaltikis.gr\/en\/wp-json\/wp\/v2\/users\/1"}],"replies":[{"embeddable":true,"href":"https:\/\/www.sholeionpsaltikis.gr\/en\/wp-json\/wp\/v2\/comments?post=6823"}],"version-history":[{"count":2,"href":"https:\/\/www.sholeionpsaltikis.gr\/en\/wp-json\/wp\/v2\/pages\/6823\/revisions"}],"predecessor-version":[{"id":7156,"href":"https:\/\/www.sholeionpsaltikis.gr\/en\/wp-json\/wp\/v2\/pages\/6823\/revisions\/7156"}],"up":[{"embeddable":true,"href":"https:\/\/www.sholeionpsaltikis.gr\/en\/wp-json\/wp\/v2\/pages\/6806"}],"wp:featuredmedia":[{"embeddable":true,"href":"https:\/\/www.sholeionpsaltikis.gr\/en\/wp-json\/wp\/v2\/media\/5633"}],"wp:attachment":[{"href":"https:\/\/www.sholeionpsaltikis.gr\/en\/wp-json\/wp\/v2\/media?parent=6823"}],"curies":[{"name":"wp","href":"https:\/\/api.w.org\/{rel}","templated":true}]}}